{"id":189,"date":"2019-08-09T14:15:24","date_gmt":"2019-08-09T19:15:24","guid":{"rendered":"https:\/\/minientrepotsbelec.ca\/contact\/"},"modified":"2019-09-25T13:20:21","modified_gmt":"2019-09-25T18:20:21","slug":"contact","status":"publish","type":"page","link":"https:\/\/minientrepotsbelec.ca\/en\/contact\/","title":{"rendered":"Contact"},"content":{"rendered":"[mk_page_section vertical_align=&#8221;center&#8221; bg_image=&#8221;https:\/\/minientrepotsbelec.ca\/wp-content\/uploads\/2019\/08\/contact.jpg&#8221; bg_position=&#8221;center center&#8221; bg_repeat=&#8221;no-repeat&#8221; bg_stretch=&#8221;true&#8221; speed_factor=&#8221;0.2&#8243; min_height=&#8221;&#8221; padding_top=&#8221;0&#8243; padding_bottom=&#8221;0&#8243; el_class=&#8221;header-small-image&#8221; sidebar=&#8221;sidebar-1&#8243;][vc_column][vc_column_text css=&#8221;.vc_custom_1569435425040{margin-bottom: 0px !important;}&#8221;]\n<h1 style=\"text-align: center;\">Contact us<\/h1>\n[\/vc_column_text][\/vc_column][\/mk_page_section][mk_page_section el_class=&#8221;row-content&#8221; sidebar=&#8221;sidebar-1&#8243;][vc_column][mk_advanced_gmaps latitude=&#8221;46.137305&#8243; longitude=&#8221;-74.614162&#8243; address=&#8221;85 chemin Napol\u00e9on&#8221; content_bg_color=&#8221;#ffffff&#8221; content_font_color=&#8221;#000000&#8243; height=&#8221;520&#8243; map_zoom=&#8221;16&#8243;][\/vc_column][\/mk_page_section][mk_page_section el_class=&#8221;row-content no-paddingtop&#8221; sidebar=&#8221;sidebar-1&#8243;][vc_column width=&#8221;1\/2&#8243;][vc_column_text css=&#8221;.vc_custom_1569435475547{margin-bottom: 0px !important;}&#8221;]\n<h4>Contact details<\/h4>\n<p>85 chemin Napol\u00e9on<br \/>\nMont-Tremblant, QC J8E 2G5<br \/>\nPhone: <a href=\"tel:819-425-2084\"><strong>819-425-2084<\/strong><\/a><\/p>\n<p>Mini Entrep\u00f4ts B\u00e9lec shares the site with Toitures et Goutti\u00e8res Nicolas Brunet and Centre de Pliage. The reception is on site.<\/p>\n<h4>Opening hours<\/h4>\n<p>Storage units: 24\/7 self-service access[\/vc_column_text][\/vc_column][vc_column width=&#8221;1\/2&#8243;][mk_padding_divider size=&#8221;30&#8243; visibility=&#8221;visible-sm&#8221;][vc_column_text css=&#8221;.vc_custom_1569435487439{margin-bottom: 0px !important;}&#8221;]\n<h4>Contact us for more information<\/h4>\n[\/vc_column_text][mk_padding_divider size=&#8221;30&#8243;]\n<div class=\"wpcf7 no-js\" id=\"wpcf7-f196-o1\" lang=\"fr-FR\" dir=\"ltr\" data-wpcf7-id=\"196\">\n<div class=\"screen-reader-response\"><p role=\"status\" aria-live=\"polite\" aria-atomic=\"true\"><\/p> <ul><\/ul><\/div>\n<form action=\"\/en\/wp-json\/wp\/v2\/pages\/189#wpcf7-f196-o1\" method=\"post\" class=\"wpcf7-form init\" aria-label=\"Formulaire de contact\" novalidate=\"novalidate\" data-status=\"init\">\n<fieldset class=\"hidden-fields-container\"><input type=\"hidden\" name=\"_wpcf7\" value=\"196\" \/><input type=\"hidden\" name=\"_wpcf7_version\" value=\"6.1.4\" \/><input type=\"hidden\" name=\"_wpcf7_locale\" value=\"fr_FR\" \/><input type=\"hidden\" name=\"_wpcf7_unit_tag\" value=\"wpcf7-f196-o1\" \/><input type=\"hidden\" name=\"_wpcf7_container_post\" value=\"0\" \/><input type=\"hidden\" name=\"_wpcf7_posted_data_hash\" value=\"\" \/><input type=\"hidden\" name=\"_wpcf7_recaptcha_response\" value=\"\" \/>\n<\/fieldset>\n<div class=\"form-row group\">\n\t<div class=\"form-el\">\n\t\t<p><span class=\"wpcf7-form-control-wrap\" data-name=\"your-name\"><input size=\"40\" maxlength=\"400\" class=\"wpcf7-form-control wpcf7-text wpcf7-validates-as-required\" aria-required=\"true\" aria-invalid=\"false\" placeholder=\"Last Name\" value=\"\" type=\"text\" name=\"your-name\" \/><\/span>\n\t\t<\/p>\n\t<\/div>\n\t<div class=\"form-el\">\n\t\t<p><span class=\"wpcf7-form-control-wrap\" data-name=\"your-first\"><input size=\"40\" maxlength=\"400\" class=\"wpcf7-form-control wpcf7-text wpcf7-validates-as-required\" aria-required=\"true\" aria-invalid=\"false\" placeholder=\"First Name\" value=\"\" type=\"text\" name=\"your-first\" \/><\/span>\n\t\t<\/p>\n\t<\/div>\n<\/div>\n<div class=\"form-row group\">\n\t<div class=\"form-el\">\n\t\t<p><span class=\"wpcf7-form-control-wrap\" data-name=\"your-phone\"><input size=\"40\" maxlength=\"400\" class=\"wpcf7-form-control wpcf7-tel wpcf7-text wpcf7-validates-as-tel\" aria-invalid=\"false\" placeholder=\"Phone\" value=\"\" type=\"tel\" name=\"your-phone\" \/><\/span>\n\t\t<\/p>\n\t<\/div>\n\t<div class=\"form-el\">\n\t\t<p><span class=\"wpcf7-form-control-wrap\" data-name=\"your-email\"><input size=\"40\" maxlength=\"400\" class=\"wpcf7-form-control wpcf7-email wpcf7-validates-as-required wpcf7-text wpcf7-validates-as-email\" aria-required=\"true\" aria-invalid=\"false\" placeholder=\"Email\" value=\"\" type=\"email\" name=\"your-email\" \/><\/span>\n\t\t<\/p>\n\t<\/div>\n<\/div>\n<div class=\"form-row full group\">\n\t<div class=\"form-el\">\n\t\t<p><span class=\"wpcf7-form-control-wrap\" data-name=\"your-msg\"><textarea cols=\"40\" rows=\"10\" maxlength=\"2000\" class=\"wpcf7-form-control wpcf7-textarea wpcf7-validates-as-required\" aria-required=\"true\" aria-invalid=\"false\" placeholder=\"Tell us what you need:\" name=\"your-msg\"><\/textarea><\/span>\n\t\t<\/p>\n\t<\/div>\n<\/div>\n<div class=\"form-row full group\" style=\"position:relative; width:auto;\">\n\t<div class=\"form-el\" style=\"position:relative; width:auto;\">\n\t\t<p><input class=\"wpcf7-form-control wpcf7-submit has-spinner\" type=\"submit\" value=\"Send\" \/>\n\t\t<\/p>\n\t<\/div>\n<\/div><div class=\"wpcf7-response-output\" aria-hidden=\"true\"><\/div>\n<\/form>\n<\/div>\n[\/vc_column][\/mk_page_section]\n","protected":false},"excerpt":{"rendered":"<p>[mk_page_section vertical_align=&#8221;center&#8221; bg_image=&#8221;https:\/\/minientrepotsbelec.ca\/wp-content\/uploads\/2019\/08\/contact.jpg&#8221; bg_position=&#8221;center center&#8221; bg_repeat=&#8221;no-repeat&#8221; bg_stretch=&#8221;true&#8221; speed_factor=&#8221;0.2&#8243; min_height=&#8221;&#8221; padding_top=&#8221;0&#8243; padding_bottom=&#8221;0&#8243; el_class=&#8221;header-small-image&#8221; sidebar=&#8221;sidebar-1&#8243;][vc_column][vc_column_text css=&#8221;.vc_custom_1569435425040{margin-bottom: 0px !important;}&#8221;] Contact us [\/vc_column_text][\/vc_column][\/mk_page_section][mk_page_section el_class=&#8221;row-content&#8221; sidebar=&#8221;sidebar-1&#8243;][vc_column][mk_advanced_gmaps latitude=&#8221;46.137305&#8243; longitude=&#8221;-74.614162&#8243; address=&#8221;85 chemin Napol\u00e9on&#8221; content_bg_color=&#8221;#ffffff&#8221; content_font_color=&#8221;#000000&#8243; height=&#8221;520&#8243; map_zoom=&#8221;16&#8243;][\/vc_column][\/mk_page_section][mk_page_section el_class=&#8221;row-content no-paddingtop&#8221; sidebar=&#8221;sidebar-1&#8243;][vc_column width=&#8221;1\/2&#8243;][vc_column_text css=&#8221;.vc_custom_1569435475547{margin-bottom: 0px !important;}&#8221;] Contact details 85 chemin Napol\u00e9on Mont-Tremblant, QC J8E 2G5 Phone: 819-425-2084 Mini Entrep\u00f4ts B\u00e9lec shares the site with [&hellip;]<\/p>\n","protected":false},"author":2,"featured_media":0,"parent":0,"menu_order":0,"comment_status":"closed","ping_status":"open","template":"","meta":{"footnotes":""},"class_list":["post-189","page","type-page","status-publish","hentry"],"yoast_head":"<!-- This site is optimized with the Yoast SEO plugin v26.5 - https:\/\/yoast.com\/wordpress\/plugins\/seo\/ -->\n<title>Contact us | Mini Entrep\u00f4ts B\u00e9lec<\/title>\n<meta name=\"robots\" content=\"index, follow, max-snippet:-1, max-image-preview:large, max-video-preview:-1\" \/>\n<link rel=\"canonical\" href=\"https:\/\/minientrepotsbelec.ca\/en\/contact\/\" \/>\n<meta property=\"og:locale\" content=\"en_US\" \/>\n<meta property=\"og:type\" content=\"article\" \/>\n<meta property=\"og:title\" content=\"Contact us | Mini Entrep\u00f4ts B\u00e9lec\" \/>\n<meta property=\"og:description\" content=\"[mk_page_section vertical_align=&#8221;center&#8221; bg_image=&#8221;https:\/\/minientrepotsbelec.ca\/wp-content\/uploads\/2019\/08\/contact.jpg&#8221; bg_position=&#8221;center center&#8221; bg_repeat=&#8221;no-repeat&#8221; bg_stretch=&#8221;true&#8221; speed_factor=&#8221;0.2&#8243; min_height=&#8221;&#8221; padding_top=&#8221;0&#8243; padding_bottom=&#8221;0&#8243; el_class=&#8221;header-small-image&#8221; sidebar=&#8221;sidebar-1&#8243;][vc_column][vc_column_text css=&#8221;.vc_custom_1569435425040{margin-bottom: 0px !important;}&#8221;] Contact us [\/vc_column_text][\/vc_column][\/mk_page_section][mk_page_section el_class=&#8221;row-content&#8221; sidebar=&#8221;sidebar-1&#8243;][vc_column][mk_advanced_gmaps latitude=&#8221;46.137305&#8243; longitude=&#8221;-74.614162&#8243; address=&#8221;85 chemin Napol\u00e9on&#8221; content_bg_color=&#8221;#ffffff&#8221; content_font_color=&#8221;#000000&#8243; height=&#8221;520&#8243; map_zoom=&#8221;16&#8243;][\/vc_column][\/mk_page_section][mk_page_section el_class=&#8221;row-content no-paddingtop&#8221; sidebar=&#8221;sidebar-1&#8243;][vc_column width=&#8221;1\/2&#8243;][vc_column_text css=&#8221;.vc_custom_1569435475547{margin-bottom: 0px !important;}&#8221;] Contact details 85 chemin Napol\u00e9on Mont-Tremblant, QC J8E 2G5 Phone: 819-425-2084 Mini Entrep\u00f4ts B\u00e9lec shares the site with [&hellip;]\" \/>\n<meta property=\"og:url\" content=\"https:\/\/minientrepotsbelec.ca\/en\/contact\/\" \/>\n<meta property=\"og:site_name\" content=\"Mini Entrep\u00f4ts B\u00e9lec\" \/>\n<meta property=\"article:modified_time\" content=\"2019-09-25T18:20:21+00:00\" \/>\n<meta name=\"twitter:card\" content=\"summary_large_image\" \/>\n<meta name=\"twitter:label1\" content=\"Est. reading time\" \/>\n\t<meta name=\"twitter:data1\" content=\"1 minute\" \/>\n<script type=\"application\/ld+json\" class=\"yoast-schema-graph\">{\"@context\":\"https:\/\/schema.org\",\"@graph\":[{\"@type\":\"WebPage\",\"@id\":\"https:\/\/minientrepotsbelec.ca\/en\/contact\/\",\"url\":\"https:\/\/minientrepotsbelec.ca\/en\/contact\/\",\"name\":\"Contact us | Mini Entrep\u00f4ts B\u00e9lec\",\"isPartOf\":{\"@id\":\"https:\/\/minientrepotsbelec.ca\/en\/#website\"},\"datePublished\":\"2019-08-09T19:15:24+00:00\",\"dateModified\":\"2019-09-25T18:20:21+00:00\",\"breadcrumb\":{\"@id\":\"https:\/\/minientrepotsbelec.ca\/en\/contact\/#breadcrumb\"},\"inLanguage\":\"en-US\",\"potentialAction\":[{\"@type\":\"ReadAction\",\"target\":[\"https:\/\/minientrepotsbelec.ca\/en\/contact\/\"]}]},{\"@type\":\"BreadcrumbList\",\"@id\":\"https:\/\/minientrepotsbelec.ca\/en\/contact\/#breadcrumb\",\"itemListElement\":[{\"@type\":\"ListItem\",\"position\":1,\"name\":\"Accueil\",\"item\":\"https:\/\/minientrepotsbelec.ca\/accueil\/\"},{\"@type\":\"ListItem\",\"position\":2,\"name\":\"Contact\"}]},{\"@type\":\"WebSite\",\"@id\":\"https:\/\/minientrepotsbelec.ca\/en\/#website\",\"url\":\"https:\/\/minientrepotsbelec.ca\/en\/\",\"name\":\"Mini Entrep\u00f4ts B\u00e9lec\",\"description\":\"Solution d\u2019entreposage Mont-Tremblant\",\"potentialAction\":[{\"@type\":\"SearchAction\",\"target\":{\"@type\":\"EntryPoint\",\"urlTemplate\":\"https:\/\/minientrepotsbelec.ca\/en\/?s={search_term_string}\"},\"query-input\":{\"@type\":\"PropertyValueSpecification\",\"valueRequired\":true,\"valueName\":\"search_term_string\"}}],\"inLanguage\":\"en-US\"}]}<\/script>\n<!-- \/ Yoast SEO plugin. -->","yoast_head_json":{"title":"Contact us | Mini Entrep\u00f4ts B\u00e9lec","robots":{"index":"index","follow":"follow","max-snippet":"max-snippet:-1","max-image-preview":"max-image-preview:large","max-video-preview":"max-video-preview:-1"},"canonical":"https:\/\/minientrepotsbelec.ca\/en\/contact\/","og_locale":"en_US","og_type":"article","og_title":"Contact us | Mini Entrep\u00f4ts B\u00e9lec","og_description":"[mk_page_section vertical_align=&#8221;center&#8221; bg_image=&#8221;https:\/\/minientrepotsbelec.ca\/wp-content\/uploads\/2019\/08\/contact.jpg&#8221; bg_position=&#8221;center center&#8221; bg_repeat=&#8221;no-repeat&#8221; bg_stretch=&#8221;true&#8221; speed_factor=&#8221;0.2&#8243; min_height=&#8221;&#8221; padding_top=&#8221;0&#8243; padding_bottom=&#8221;0&#8243; el_class=&#8221;header-small-image&#8221; sidebar=&#8221;sidebar-1&#8243;][vc_column][vc_column_text css=&#8221;.vc_custom_1569435425040{margin-bottom: 0px !important;}&#8221;] Contact us [\/vc_column_text][\/vc_column][\/mk_page_section][mk_page_section el_class=&#8221;row-content&#8221; sidebar=&#8221;sidebar-1&#8243;][vc_column][mk_advanced_gmaps latitude=&#8221;46.137305&#8243; longitude=&#8221;-74.614162&#8243; address=&#8221;85 chemin Napol\u00e9on&#8221; content_bg_color=&#8221;#ffffff&#8221; content_font_color=&#8221;#000000&#8243; height=&#8221;520&#8243; map_zoom=&#8221;16&#8243;][\/vc_column][\/mk_page_section][mk_page_section el_class=&#8221;row-content no-paddingtop&#8221; sidebar=&#8221;sidebar-1&#8243;][vc_column width=&#8221;1\/2&#8243;][vc_column_text css=&#8221;.vc_custom_1569435475547{margin-bottom: 0px !important;}&#8221;] Contact details 85 chemin Napol\u00e9on Mont-Tremblant, QC J8E 2G5 Phone: 819-425-2084 Mini Entrep\u00f4ts B\u00e9lec shares the site with [&hellip;]","og_url":"https:\/\/minientrepotsbelec.ca\/en\/contact\/","og_site_name":"Mini Entrep\u00f4ts B\u00e9lec","article_modified_time":"2019-09-25T18:20:21+00:00","twitter_card":"summary_large_image","twitter_misc":{"Est. reading time":"1 minute"},"schema":{"@context":"https:\/\/schema.org","@graph":[{"@type":"WebPage","@id":"https:\/\/minientrepotsbelec.ca\/en\/contact\/","url":"https:\/\/minientrepotsbelec.ca\/en\/contact\/","name":"Contact us | Mini Entrep\u00f4ts B\u00e9lec","isPartOf":{"@id":"https:\/\/minientrepotsbelec.ca\/en\/#website"},"datePublished":"2019-08-09T19:15:24+00:00","dateModified":"2019-09-25T18:20:21+00:00","breadcrumb":{"@id":"https:\/\/minientrepotsbelec.ca\/en\/contact\/#breadcrumb"},"inLanguage":"en-US","potentialAction":[{"@type":"ReadAction","target":["https:\/\/minientrepotsbelec.ca\/en\/contact\/"]}]},{"@type":"BreadcrumbList","@id":"https:\/\/minientrepotsbelec.ca\/en\/contact\/#breadcrumb","itemListElement":[{"@type":"ListItem","position":1,"name":"Accueil","item":"https:\/\/minientrepotsbelec.ca\/accueil\/"},{"@type":"ListItem","position":2,"name":"Contact"}]},{"@type":"WebSite","@id":"https:\/\/minientrepotsbelec.ca\/en\/#website","url":"https:\/\/minientrepotsbelec.ca\/en\/","name":"Mini Entrep\u00f4ts B\u00e9lec","description":"Solution d\u2019entreposage Mont-Tremblant","potentialAction":[{"@type":"SearchAction","target":{"@type":"EntryPoint","urlTemplate":"https:\/\/minientrepotsbelec.ca\/en\/?s={search_term_string}"},"query-input":{"@type":"PropertyValueSpecification","valueRequired":true,"valueName":"search_term_string"}}],"inLanguage":"en-US"}]}},"_links":{"self":[{"href":"https:\/\/minientrepotsbelec.ca\/en\/wp-json\/wp\/v2\/pages\/189","targetHints":{"allow":["GET"]}}],"collection":[{"href":"https:\/\/minientrepotsbelec.ca\/en\/wp-json\/wp\/v2\/pages"}],"about":[{"href":"https:\/\/minientrepotsbelec.ca\/en\/wp-json\/wp\/v2\/types\/page"}],"author":[{"embeddable":true,"href":"https:\/\/minientrepotsbelec.ca\/en\/wp-json\/wp\/v2\/users\/2"}],"replies":[{"embeddable":true,"href":"https:\/\/minientrepotsbelec.ca\/en\/wp-json\/wp\/v2\/comments?post=189"}],"version-history":[{"count":2,"href":"https:\/\/minientrepotsbelec.ca\/en\/wp-json\/wp\/v2\/pages\/189\/revisions"}],"predecessor-version":[{"id":197,"href":"https:\/\/minientrepotsbelec.ca\/en\/wp-json\/wp\/v2\/pages\/189\/revisions\/197"}],"wp:attachment":[{"href":"https:\/\/minientrepotsbelec.ca\/en\/wp-json\/wp\/v2\/media?parent=189"}],"curies":[{"name":"wp","href":"https:\/\/api.w.org\/{rel}","templated":true}]}}