{"id":181,"date":"2019-08-09T14:12:59","date_gmt":"2019-08-09T19:12:59","guid":{"rendered":"https:\/\/minientrepotsbelec.ca\/a-propos\/"},"modified":"2022-09-07T09:26:55","modified_gmt":"2022-09-07T14:26:55","slug":"about-us","status":"publish","type":"page","link":"https:\/\/minientrepotsbelec.ca\/en\/about-us\/","title":{"rendered":"About us"},"content":{"rendered":"<div class=\"wpb-content-wrapper\">[mk_page_section vertical_align=&#8221;center&#8221; bg_image=&#8221;https:\/\/minientrepotsbelec.ca\/wp-content\/uploads\/2019\/08\/apropos.jpg&#8221; bg_position=&#8221;center center&#8221; bg_repeat=&#8221;no-repeat&#8221; bg_stretch=&#8221;true&#8221; speed_factor=&#8221;0.2&#8243; min_height=&#8221;&#8221; padding_top=&#8221;0&#8243; padding_bottom=&#8221;0&#8243; el_class=&#8221;header-small-image&#8221; sidebar=&#8221;sidebar-1&#8243;][vc_column][vc_column_text css=&#8221;.vc_custom_1569435303766{margin-bottom: 0px !important;}&#8221;]\n<h1 style=\"text-align: center;\">About Mini Entrep\u00f4ts B\u00e9lec<\/h1>\n[\/vc_column_text][\/vc_column][\/mk_page_section][mk_page_section el_class=&#8221;row-content&#8221; sidebar=&#8221;sidebar-1&#8243;][vc_column][vc_row_inner animation=&#8221;bottom-to-top&#8221; el_class=&#8221;demi-img-right&#8221;][vc_column_inner width=&#8221;1\/2&#8243; css=&#8221;.vc_custom_1565287524092{background-position: center !important;background-repeat: no-repeat !important;background-size: cover !important;}&#8221;][vc_column_text css=&#8221;.vc_custom_1662560814193{margin-bottom: 0px !important;}&#8221;]Owner of Toitures &amp; Goutti\u00e8res Nicolas Brunet and Centre de pliage in Mont-Tremblant for many years, Aim\u00e9e B\u00e9lec and Nicolas Brunet surrounded themselves with a team notorious for its excellent service. The entrepreneur, known in the community for his reliability and the quality of his work, intends to maintain these standards with this new storage space project.[\/vc_column_text][\/vc_column_inner][vc_column_inner width=&#8221;1\/2&#8243; css=&#8221;.vc_custom_1565377967255{background-image: url(https:\/\/minientrepotsbelec.ca\/wp-content\/uploads\/2019\/08\/bloc8.jpg?id=112) !important;background-position: center !important;background-repeat: no-repeat !important;background-size: cover !important;}&#8221;][\/vc_column_inner][\/vc_row_inner][mk_padding_divider size=&#8221;30&#8243;][vc_row_inner animation=&#8221;bottom-to-top&#8221; el_class=&#8221;demi-img-left demi-overlap&#8221;][vc_column_inner width=&#8221;1\/2&#8243; css=&#8221;.vc_custom_1565377976170{background-image: url(https:\/\/minientrepotsbelec.ca\/wp-content\/uploads\/2019\/08\/bloc9.jpg?id=111) !important;background-position: center !important;background-repeat: no-repeat !important;background-size: cover !important;}&#8221;][\/vc_column_inner][vc_column_inner width=&#8221;1\/2&#8243;][vc_column_text css=&#8221;.vc_custom_1569435323623{margin-bottom: 0px !important;}&#8221;]The team behind Mini Entrep\u00f4ts B\u00e9lec wishes to offer Mont-Tremblant residents and regular visitors a simple and easily accessible self-service storage solution. Located at a prime location near downtown Saint-Jovite and Tremblant Resort, the premises are accessible to tenants 24\/7. Mini Entrep\u00f4ts B\u00e9lec assures the peace of mind of its customers by offering a secure environment under camera surveillance at all times as well as clean and well-maintained premises.[\/vc_column_text][\/vc_column_inner][\/vc_row_inner][\/vc_column][\/mk_page_section][vc_row][vc_column][vc_raw_js]JTNDc2NyaXB0JTNFJTBBJTBBdmFyJTIwZWxlbWVudHMlMjAlM0QlMjBkb2N1bWVudC5xdWVyeVNlbGVjdG9yQWxsJTI4JTIyLmRlbWktb3ZlcmxhcCUyQyUyMC5kZW1pLWltZy1yaWdodCUyQyUyMC5kZW1pLWltZy1sZWZ0JTIyJTI5JTNCJTBBQXJyYXkucHJvdG90eXBlLmZvckVhY2guY2FsbCUyOGVsZW1lbnRzJTJDJTIwZnVuY3Rpb24lMjhlbCUyQyUyMGklMjklN0IlMEElMjAlMjBlbC5zdHlsZS56SW5kZXglMjAlM0QlMjAxMCUyMC0lMjBpJTNCJTBBJTdEJTI5JTNCJTBBJTBBJTNDJTJGc2NyaXB0JTNF[\/vc_raw_js][\/vc_column][\/vc_row][vc_row fullwidth=&#8221;true&#8221; fullwidth_content=&#8221;false&#8221; el_class=&#8221;grey-bar-bottom&#8221;][vc_column][vc_row_inner is_fullwidth_content=&#8221;false&#8221; css=&#8221;.vc_custom_1565292032364{background-image: url(https:\/\/minientrepotsbelec.ca\/wp-content\/uploads\/2019\/08\/decouvrez-bg.jpg?id=64) !important;background-position: center !important;background-repeat: no-repeat !important;background-size: cover !important;}&#8221; el_class=&#8221;row-button&#8221;][vc_column_inner][mk_button dimension=&#8221;outline&#8221; size=&#8221;xx-large&#8221; url=&#8221;\/en\/contact&#8221; align=&#8221;center&#8221; margin_bottom=&#8221;0&#8243; margin_right=&#8221;0&#8243; el_class=&#8221;btn-decouvrez&#8221; outline_skin=&#8221;light&#8221;]Contact us to know more[\/mk_button][\/vc_column_inner][\/vc_row_inner][\/vc_column][\/vc_row]\n<\/div>","protected":false},"excerpt":{"rendered":"<p>[mk_page_section vertical_align=&#8221;center&#8221; bg_image=&#8221;https:\/\/minientrepotsbelec.ca\/wp-content\/uploads\/2019\/08\/apropos.jpg&#8221; bg_position=&#8221;center center&#8221; bg_repeat=&#8221;no-repeat&#8221; bg_stretch=&#8221;true&#8221; speed_factor=&#8221;0.2&#8243; min_height=&#8221;&#8221; padding_top=&#8221;0&#8243; padding_bottom=&#8221;0&#8243; el_class=&#8221;header-small-image&#8221; sidebar=&#8221;sidebar-1&#8243;][vc_column][vc_column_text css=&#8221;.vc_custom_1569435303766{margin-bottom: 0px !important;}&#8221;] About Mini Entrep\u00f4ts B\u00e9lec [\/vc_column_text][\/vc_column][\/mk_page_section][mk_page_section el_class=&#8221;row-content&#8221; sidebar=&#8221;sidebar-1&#8243;][vc_column][vc_row_inner animation=&#8221;bottom-to-top&#8221; el_class=&#8221;demi-img-right&#8221;][vc_column_inner width=&#8221;1\/2&#8243; css=&#8221;.vc_custom_1565287524092{background-position: center !important;background-repeat: no-repeat !important;background-size: cover !important;}&#8221;][vc_column_text css=&#8221;.vc_custom_1662560814193{margin-bottom: 0px !important;}&#8221;]Owner of Toitures &amp; Goutti\u00e8res Nicolas Brunet and Centre de pliage in Mont-Tremblant for many years, Aim\u00e9e B\u00e9lec and Nicolas [&hellip;]<\/p>\n","protected":false},"author":2,"featured_media":0,"parent":0,"menu_order":0,"comment_status":"closed","ping_status":"open","template":"","meta":{"footnotes":""},"class_list":["post-181","page","type-page","status-publish","hentry"],"yoast_head":"<!-- This site is optimized with the Yoast SEO plugin v26.5 - https:\/\/yoast.com\/wordpress\/plugins\/seo\/ -->\n<title>About | Mini Entrep\u00f4ts B\u00e9lec<\/title>\n<meta name=\"robots\" content=\"index, follow, max-snippet:-1, max-image-preview:large, max-video-preview:-1\" \/>\n<link rel=\"canonical\" href=\"https:\/\/minientrepotsbelec.ca\/en\/about-us\/\" \/>\n<meta property=\"og:locale\" content=\"en_US\" \/>\n<meta property=\"og:type\" content=\"article\" \/>\n<meta property=\"og:title\" content=\"About | Mini Entrep\u00f4ts B\u00e9lec\" \/>\n<meta property=\"og:description\" content=\"[mk_page_section vertical_align=&#8221;center&#8221; bg_image=&#8221;https:\/\/minientrepotsbelec.ca\/wp-content\/uploads\/2019\/08\/apropos.jpg&#8221; bg_position=&#8221;center center&#8221; bg_repeat=&#8221;no-repeat&#8221; bg_stretch=&#8221;true&#8221; speed_factor=&#8221;0.2&#8243; min_height=&#8221;&#8221; padding_top=&#8221;0&#8243; padding_bottom=&#8221;0&#8243; el_class=&#8221;header-small-image&#8221; sidebar=&#8221;sidebar-1&#8243;][vc_column][vc_column_text css=&#8221;.vc_custom_1569435303766{margin-bottom: 0px !important;}&#8221;] About Mini Entrep\u00f4ts B\u00e9lec [\/vc_column_text][\/vc_column][\/mk_page_section][mk_page_section el_class=&#8221;row-content&#8221; sidebar=&#8221;sidebar-1&#8243;][vc_column][vc_row_inner animation=&#8221;bottom-to-top&#8221; el_class=&#8221;demi-img-right&#8221;][vc_column_inner width=&#8221;1\/2&#8243; css=&#8221;.vc_custom_1565287524092{background-position: center !important;background-repeat: no-repeat !important;background-size: cover !important;}&#8221;][vc_column_text css=&#8221;.vc_custom_1662560814193{margin-bottom: 0px !important;}&#8221;]Owner of Toitures &amp; Goutti\u00e8res Nicolas Brunet and Centre de pliage in Mont-Tremblant for many years, Aim\u00e9e B\u00e9lec and Nicolas [&hellip;]\" \/>\n<meta property=\"og:url\" content=\"https:\/\/minientrepotsbelec.ca\/en\/about-us\/\" \/>\n<meta property=\"og:site_name\" content=\"Mini Entrep\u00f4ts B\u00e9lec\" \/>\n<meta property=\"article:modified_time\" content=\"2022-09-07T14:26:55+00:00\" \/>\n<meta name=\"twitter:card\" content=\"summary_large_image\" \/>\n<meta name=\"twitter:label1\" content=\"Est. reading time\" \/>\n\t<meta name=\"twitter:data1\" content=\"2 minutes\" \/>\n<script type=\"application\/ld+json\" class=\"yoast-schema-graph\">{\"@context\":\"https:\/\/schema.org\",\"@graph\":[{\"@type\":\"WebPage\",\"@id\":\"https:\/\/minientrepotsbelec.ca\/en\/about-us\/\",\"url\":\"https:\/\/minientrepotsbelec.ca\/en\/about-us\/\",\"name\":\"About | Mini Entrep\u00f4ts B\u00e9lec\",\"isPartOf\":{\"@id\":\"https:\/\/minientrepotsbelec.ca\/en\/#website\"},\"datePublished\":\"2019-08-09T19:12:59+00:00\",\"dateModified\":\"2022-09-07T14:26:55+00:00\",\"breadcrumb\":{\"@id\":\"https:\/\/minientrepotsbelec.ca\/en\/about-us\/#breadcrumb\"},\"inLanguage\":\"en-US\",\"potentialAction\":[{\"@type\":\"ReadAction\",\"target\":[\"https:\/\/minientrepotsbelec.ca\/en\/about-us\/\"]}]},{\"@type\":\"BreadcrumbList\",\"@id\":\"https:\/\/minientrepotsbelec.ca\/en\/about-us\/#breadcrumb\",\"itemListElement\":[{\"@type\":\"ListItem\",\"position\":1,\"name\":\"Accueil\",\"item\":\"https:\/\/minientrepotsbelec.ca\/accueil\/\"},{\"@type\":\"ListItem\",\"position\":2,\"name\":\"About us\"}]},{\"@type\":\"WebSite\",\"@id\":\"https:\/\/minientrepotsbelec.ca\/en\/#website\",\"url\":\"https:\/\/minientrepotsbelec.ca\/en\/\",\"name\":\"Mini Entrep\u00f4ts B\u00e9lec\",\"description\":\"Solution d\u2019entreposage Mont-Tremblant\",\"potentialAction\":[{\"@type\":\"SearchAction\",\"target\":{\"@type\":\"EntryPoint\",\"urlTemplate\":\"https:\/\/minientrepotsbelec.ca\/en\/?s={search_term_string}\"},\"query-input\":{\"@type\":\"PropertyValueSpecification\",\"valueRequired\":true,\"valueName\":\"search_term_string\"}}],\"inLanguage\":\"en-US\"}]}<\/script>\n<!-- \/ Yoast SEO plugin. -->","yoast_head_json":{"title":"About | Mini Entrep\u00f4ts B\u00e9lec","robots":{"index":"index","follow":"follow","max-snippet":"max-snippet:-1","max-image-preview":"max-image-preview:large","max-video-preview":"max-video-preview:-1"},"canonical":"https:\/\/minientrepotsbelec.ca\/en\/about-us\/","og_locale":"en_US","og_type":"article","og_title":"About | Mini Entrep\u00f4ts B\u00e9lec","og_description":"[mk_page_section vertical_align=&#8221;center&#8221; bg_image=&#8221;https:\/\/minientrepotsbelec.ca\/wp-content\/uploads\/2019\/08\/apropos.jpg&#8221; bg_position=&#8221;center center&#8221; bg_repeat=&#8221;no-repeat&#8221; bg_stretch=&#8221;true&#8221; speed_factor=&#8221;0.2&#8243; min_height=&#8221;&#8221; padding_top=&#8221;0&#8243; padding_bottom=&#8221;0&#8243; el_class=&#8221;header-small-image&#8221; sidebar=&#8221;sidebar-1&#8243;][vc_column][vc_column_text css=&#8221;.vc_custom_1569435303766{margin-bottom: 0px !important;}&#8221;] About Mini Entrep\u00f4ts B\u00e9lec [\/vc_column_text][\/vc_column][\/mk_page_section][mk_page_section el_class=&#8221;row-content&#8221; sidebar=&#8221;sidebar-1&#8243;][vc_column][vc_row_inner animation=&#8221;bottom-to-top&#8221; el_class=&#8221;demi-img-right&#8221;][vc_column_inner width=&#8221;1\/2&#8243; css=&#8221;.vc_custom_1565287524092{background-position: center !important;background-repeat: no-repeat !important;background-size: cover !important;}&#8221;][vc_column_text css=&#8221;.vc_custom_1662560814193{margin-bottom: 0px !important;}&#8221;]Owner of Toitures &amp; Goutti\u00e8res Nicolas Brunet and Centre de pliage in Mont-Tremblant for many years, Aim\u00e9e B\u00e9lec and Nicolas [&hellip;]","og_url":"https:\/\/minientrepotsbelec.ca\/en\/about-us\/","og_site_name":"Mini Entrep\u00f4ts B\u00e9lec","article_modified_time":"2022-09-07T14:26:55+00:00","twitter_card":"summary_large_image","twitter_misc":{"Est. reading time":"2 minutes"},"schema":{"@context":"https:\/\/schema.org","@graph":[{"@type":"WebPage","@id":"https:\/\/minientrepotsbelec.ca\/en\/about-us\/","url":"https:\/\/minientrepotsbelec.ca\/en\/about-us\/","name":"About | Mini Entrep\u00f4ts B\u00e9lec","isPartOf":{"@id":"https:\/\/minientrepotsbelec.ca\/en\/#website"},"datePublished":"2019-08-09T19:12:59+00:00","dateModified":"2022-09-07T14:26:55+00:00","breadcrumb":{"@id":"https:\/\/minientrepotsbelec.ca\/en\/about-us\/#breadcrumb"},"inLanguage":"en-US","potentialAction":[{"@type":"ReadAction","target":["https:\/\/minientrepotsbelec.ca\/en\/about-us\/"]}]},{"@type":"BreadcrumbList","@id":"https:\/\/minientrepotsbelec.ca\/en\/about-us\/#breadcrumb","itemListElement":[{"@type":"ListItem","position":1,"name":"Accueil","item":"https:\/\/minientrepotsbelec.ca\/accueil\/"},{"@type":"ListItem","position":2,"name":"About us"}]},{"@type":"WebSite","@id":"https:\/\/minientrepotsbelec.ca\/en\/#website","url":"https:\/\/minientrepotsbelec.ca\/en\/","name":"Mini Entrep\u00f4ts B\u00e9lec","description":"Solution d\u2019entreposage Mont-Tremblant","potentialAction":[{"@type":"SearchAction","target":{"@type":"EntryPoint","urlTemplate":"https:\/\/minientrepotsbelec.ca\/en\/?s={search_term_string}"},"query-input":{"@type":"PropertyValueSpecification","valueRequired":true,"valueName":"search_term_string"}}],"inLanguage":"en-US"}]}},"_links":{"self":[{"href":"https:\/\/minientrepotsbelec.ca\/en\/wp-json\/wp\/v2\/pages\/181","targetHints":{"allow":["GET"]}}],"collection":[{"href":"https:\/\/minientrepotsbelec.ca\/en\/wp-json\/wp\/v2\/pages"}],"about":[{"href":"https:\/\/minientrepotsbelec.ca\/en\/wp-json\/wp\/v2\/types\/page"}],"author":[{"embeddable":true,"href":"https:\/\/minientrepotsbelec.ca\/en\/wp-json\/wp\/v2\/users\/2"}],"replies":[{"embeddable":true,"href":"https:\/\/minientrepotsbelec.ca\/en\/wp-json\/wp\/v2\/comments?post=181"}],"version-history":[{"count":4,"href":"https:\/\/minientrepotsbelec.ca\/en\/wp-json\/wp\/v2\/pages\/181\/revisions"}],"predecessor-version":[{"id":813,"href":"https:\/\/minientrepotsbelec.ca\/en\/wp-json\/wp\/v2\/pages\/181\/revisions\/813"}],"wp:attachment":[{"href":"https:\/\/minientrepotsbelec.ca\/en\/wp-json\/wp\/v2\/media?parent=181"}],"curies":[{"name":"wp","href":"https:\/\/api.w.org\/{rel}","templated":true}]}}